{"id":811,"date":"2024-01-18T13:38:41","date_gmt":"2024-01-18T12:38:41","guid":{"rendered":"https:\/\/abcdentalsants.com\/contacte\/"},"modified":"2024-02-19T15:55:01","modified_gmt":"2024-02-19T14:55:01","slug":"contacte","status":"publish","type":"page","link":"https:\/\/abcdentalsants.com\/ca\/contacte\/","title":{"rendered":"Contacte"},"content":{"rendered":"<p>[et_pb_section fb_built=&#8221;1&#8243; _builder_version=&#8221;4.23&#8243; _module_preset=&#8221;default&#8221; background_color=&#8221;#555DA2&#8243; custom_margin=&#8221;0em||||false|false&#8221; custom_padding=&#8221;0px||0px||true|false&#8221; global_module=&#8221;196&#8243; saved_tabs=&#8221;all&#8221; global_colors_info=&#8221;{}&#8221;][et_pb_row column_structure=&#8221;1_2,1_2&#8243; _builder_version=&#8221;4.23.4&#8243; _module_preset=&#8221;default&#8221; width=&#8221;90%&#8221; custom_padding=&#8221;4em||1em||false|false&#8221; global_colors_info=&#8221;{}&#8221;][et_pb_column type=&#8221;1_2&#8243; _builder_version=&#8221;4.23.4&#8243; _module_preset=&#8221;default&#8221; global_colors_info=&#8221;{}&#8221;][et_pb_text _builder_version=&#8221;4.23&#8243; _module_preset=&#8221;default&#8221; text_font=&#8221;Titillium Web|700|||||||&#8221; text_text_color=&#8221;#FFFFFF&#8221; text_font_size=&#8221;50px&#8221; text_line_height=&#8221;1.2em&#8221; header_font=&#8221;|700|||||||&#8221; header_text_color=&#8221;#FFFFFF&#8221; header_3_font=&#8221;Titillium Web|600|||||||&#8221; header_3_text_color=&#8221;#FFFFFF&#8221; max_width=&#8221;880px&#8221; text_font_size_tablet=&#8221;40px&#8221; text_font_size_phone=&#8221;&#8221; text_font_size_last_edited=&#8221;on|tablet&#8221; global_colors_info=&#8221;{}&#8221;]<\/p>\n<h1>Contacta amb nosaltres<\/h1>\n<p>[\/et_pb_text][et_pb_text _builder_version=&#8221;4.23&#8243; _module_preset=&#8221;default&#8221; text_text_color=&#8221;#FFFFFF&#8221; header_3_font=&#8221;Titillium Web|600|||||||&#8221; header_3_text_color=&#8221;#6F070A&#8221; global_colors_info=&#8221;{}&#8221;]Som a Barcelona, \u200b\u200bal c\/ Dolors Batlle i Sunyer, 19, baixos, darrere de l&#8217;ambulatori del carrer Num\u00e0ncia i al costat de l&#8217;Estaci\u00f3 de Sants. Tenim una sortida de metro (l\u00ednies 5 i 3) i Renfe al costat de la porta.[\/et_pb_text][et_pb_text _builder_version=&#8221;4.23&#8243; _module_preset=&#8221;default&#8221; text_text_color=&#8221;#FFFFFF&#8221; header_3_font=&#8221;Titillium Web|600|||||||&#8221; header_3_text_color=&#8221;#6F070A&#8221; global_colors_info=&#8221;{}&#8221;]<\/p>\n<p><strong>HORARI<\/strong><\/p>\n<ul>\n<li>Dilluns, dimarts i dijous de 9:30 a 13:30h i de 16:30 a 20:30h<\/li>\n<li>Dimecres i divendres de 9.30 a 13.30h<\/li>\n<\/ul>\n<p>Truca&#8217;ns al 93 490 77 47, envia&#8217;ns un WhatsApp al 635 555 492, escriu-nos a clinica@abcdentalsants.com per concertar una cita o a trav\u00e9s del formulari.<\/p>\n<p>[\/et_pb_text][et_pb_code module_class=&#8221;datos-contacto telefono&#8221; _builder_version=&#8221;4.23&#8243; _module_preset=&#8221;default&#8221; locked=&#8221;off&#8221; global_colors_info=&#8221;{}&#8221;]<a href=\"#\"><i class=\"fa-brands fa-facebook\"><\/i><\/a>[\/et_pb_code][\/et_pb_column][et_pb_column type=&#8221;1_2&#8243; _builder_version=&#8221;4.23.4&#8243; _module_preset=&#8221;default&#8221; global_colors_info=&#8221;{}&#8221;][et_pb_text _builder_version=&#8221;4.23&#8243; _module_preset=&#8221;default&#8221; text_font=&#8221;Titillium Web|700|||||||&#8221; text_text_color=&#8221;#FFFFFF&#8221; text_font_size=&#8221;50px&#8221; text_line_height=&#8221;1.2em&#8221; header_3_font=&#8221;Ubuntu|700|||||||&#8221; header_3_text_align=&#8221;center&#8221; header_3_text_color=&#8221;#FFFFFF&#8221; max_width=&#8221;880px&#8221; global_colors_info=&#8221;{}&#8221;]<\/p>\n<h3>Formulari de contacte<\/h3>\n<p>[\/et_pb_text][et_pb_code _builder_version=&#8221;4.23&#8243; _module_preset=&#8221;default&#8221; global_colors_info=&#8221;{}&#8221;]\n<div class=\"wpcf7 no-js\" id=\"wpcf7-f810-o1\" lang=\"es-ES\" dir=\"ltr\" data-wpcf7-id=\"810\">\n<div class=\"screen-reader-response\"><p role=\"status\" aria-live=\"polite\" aria-atomic=\"true\"><\/p> <ul><\/ul><\/div>\n<form action=\"\/ca\/wp-json\/wp\/v2\/pages\/811#wpcf7-f810-o1\" method=\"post\" class=\"wpcf7-form init\" aria-label=\"Formulario de contacto\" novalidate=\"novalidate\" data-status=\"init\">\n<fieldset class=\"hidden-fields-container\"><input type=\"hidden\" name=\"_wpcf7\" value=\"810\" \/><input type=\"hidden\" name=\"_wpcf7_version\" value=\"6.1.5\" \/><input type=\"hidden\" name=\"_wpcf7_locale\" value=\"es_ES\" \/><input type=\"hidden\" name=\"_wpcf7_unit_tag\" value=\"wpcf7-f810-o1\" \/><input type=\"hidden\" name=\"_wpcf7_container_post\" value=\"0\" \/><input type=\"hidden\" name=\"_wpcf7_posted_data_hash\" value=\"\" \/>\n<\/fieldset>\n<p><span class=\"wpcf7-form-control-wrap\" data-name=\"your-name\"><input size=\"40\" maxlength=\"400\" class=\"wpcf7-form-control wpcf7-text wpcf7-validates-as-required\" autocomplete=\"name\" aria-required=\"true\" aria-invalid=\"false\" placeholder=\"Nom*\" value=\"\" type=\"text\" name=\"your-name\" \/><\/span>\n<\/p>\n<p><span class=\"wpcf7-form-control-wrap\" data-name=\"your-email\"><input size=\"40\" maxlength=\"400\" class=\"wpcf7-form-control wpcf7-email wpcf7-validates-as-required wpcf7-text wpcf7-validates-as-email\" autocomplete=\"email\" aria-required=\"true\" aria-invalid=\"false\" placeholder=\"Email*\" value=\"\" type=\"email\" name=\"your-email\" \/><\/span>\n<\/p>\n<p><span class=\"wpcf7-form-control-wrap\" data-name=\"telefono\"><input size=\"40\" maxlength=\"400\" class=\"wpcf7-form-control wpcf7-tel wpcf7-validates-as-required wpcf7-text wpcf7-validates-as-tel\" autocomplete=\"phone\" aria-required=\"true\" aria-invalid=\"false\" placeholder=\"Tel\u00e8fon*\" value=\"\" type=\"tel\" name=\"telefono\" \/><\/span>\n<\/p>\n<p><span class=\"wpcf7-form-control-wrap\" data-name=\"mensaje\"><textarea cols=\"40\" rows=\"10\" maxlength=\"2000\" class=\"wpcf7-form-control wpcf7-textarea wpcf7-validates-as-required\" aria-required=\"true\" aria-invalid=\"false\" placeholder=\"Missatge*\" name=\"mensaje\"><\/textarea><\/span>\n<\/p>\n<div class=\"privacidad\">\n\t<p><label><span class=\"wpcf7-form-control-wrap\" data-name=\"privacidad\"><span class=\"wpcf7-form-control wpcf7-acceptance\"><span class=\"wpcf7-list-item\"><input type=\"checkbox\" name=\"privacidad\" value=\"1\" aria-invalid=\"false\" \/><\/span><\/span><\/span> Fent clic a enviar, declaro haver llegit i accepto la <a href=\"\/politica-de-privacidad\/\">pol\u00edtica de privacitat<\/a>.<\/label>\n\t<\/p>\n<\/div>\n<p><span id=\"wpcf7-69fb3d284d39d-wrapper\" class=\"wpcf7-form-control-wrap email-wrap\" style=\"display:none !important; visibility:hidden !important;\"><label for=\"wpcf7-69fb3d284d39d-field\" class=\"hp-message\">Por favor, deja este campo vac\u00edo.<\/label><input id=\"wpcf7-69fb3d284d39d-field\"  class=\"wpcf7-form-control wpcf7-text\" type=\"text\" name=\"email\" value=\"\" size=\"40\" tabindex=\"-1\" autocomplete=\"new-password\" \/><\/span>\n<\/p>\n<p><input class=\"wpcf7-form-control wpcf7-submit has-spinner\" type=\"submit\" value=\"Enviar\" \/>\n<\/p><div class=\"wpcf7-response-output\" aria-hidden=\"true\"><\/div>\n<\/form>\n<\/div>\n[\/et_pb_code][\/et_pb_column][\/et_pb_row][\/et_pb_section][et_pb_section fb_built=&#8221;1&#8243; _builder_version=&#8221;4.23.4&#8243; _module_preset=&#8221;default&#8221; custom_padding=&#8221;0px||0px||true|false&#8221; global_module=&#8221;195&#8243; global_colors_info=&#8221;{}&#8221;][et_pb_row _builder_version=&#8221;4.23.4&#8243; _module_preset=&#8221;default&#8221; width=&#8221;100%&#8221; max_width=&#8221;100%&#8221; custom_padding=&#8221;0px||0px||true|false&#8221; global_colors_info=&#8221;{}&#8221;][et_pb_column type=&#8221;4_4&#8243; _builder_version=&#8221;4.23.4&#8243; _module_preset=&#8221;default&#8221; global_colors_info=&#8221;{}&#8221;][et_pb_code _builder_version=&#8221;4.23&#8243; _module_preset=&#8221;default&#8221; global_colors_info=&#8221;{}&#8221;]<iframe src=\"https:\/\/www.google.com\/maps\/embed?pb=!1m14!1m8!1m3!1d5987.266612259019!2d2.139809!3d41.382051!3m2!1i1024!2i768!4f13.1!3m3!1m2!1s0x12a4987de35366a9%3A0x10ea73a3ae910eab!2sCl%C3%ADnica%20Dental%20AbcDental%20Sants!5e0!3m2!1ses!2sus!4v1705581947246!5m2!1ses!2sus\" width=\"100%\" height=\"450\" style=\"border:0;\" allowfullscreen=\"\" loading=\"lazy\" referrerpolicy=\"no-referrer-when-downgrade\"><\/iframe>[\/et_pb_code][\/et_pb_column][\/et_pb_row][\/et_pb_section]<\/p>\n","protected":false},"excerpt":{"rendered":"<p>Contacta amb nosaltresSom a Barcelona, \u200b\u200bal c\/ Dolors Batlle i Sunyer, 19, baixos, darrere de l&#8217;ambulatori del carrer Num\u00e0ncia i al costat de l&#8217;Estaci\u00f3 de Sants. Tenim una sortida de metro (l\u00ednies 5 i 3) i Renfe al costat de la porta.HORARI Dilluns, dimarts i dijous de 9:30 a 13:30h i de 16:30 a 20:30h [&hellip;]<\/p>\n","protected":false},"author":1,"featured_media":0,"parent":0,"menu_order":0,"comment_status":"closed","ping_status":"closed","template":"","meta":{"_acf_changed":false,"_et_pb_use_builder":"on","_et_pb_old_content":"","_et_gb_content_width":"","footnotes":""},"class_list":["post-811","page","type-page","status-publish","hentry"],"acf":[],"yoast_head":"<!-- This site is optimized with the Yoast SEO plugin v27.5 - https:\/\/yoast.com\/product\/yoast-seo-wordpress\/ -->\n<title>Cl\u00ednica Dental ABCDental Sants | Contacte<\/title>\n<meta name=\"description\" content=\"Busques una cl\u00ednica dental compromesa amb el teu benestar bucal? Demana cita al tel\u00e8fon 934 907 747 o per whatsapp al 635 555 492.\" \/>\n<meta name=\"robots\" content=\"index, follow, max-snippet:-1, max-image-preview:large, max-video-preview:-1\" \/>\n<link rel=\"canonical\" href=\"https:\/\/abcdentalsants.com\/ca\/contacte\/\" \/>\n<meta property=\"og:locale\" content=\"ca_ES\" \/>\n<meta property=\"og:type\" content=\"article\" \/>\n<meta property=\"og:title\" content=\"Cl\u00ednica Dental ABCDental Sants | Contacte\" \/>\n<meta property=\"og:description\" content=\"Busques una cl\u00ednica dental compromesa amb el teu benestar bucal? Demana cita al tel\u00e8fon 934 907 747 o per whatsapp al 635 555 492.\" \/>\n<meta property=\"og:url\" content=\"https:\/\/abcdentalsants.com\/ca\/contacte\/\" \/>\n<meta property=\"og:site_name\" content=\"ABC Dental\" \/>\n<meta property=\"article:modified_time\" content=\"2024-02-19T14:55:01+00:00\" \/>\n<meta name=\"twitter:card\" content=\"summary_large_image\" \/>\n<meta name=\"twitter:label1\" content=\"Temps estimat de lectura\" \/>\n\t<meta name=\"twitter:data1\" content=\"2 minuts\" \/>\n<script type=\"application\/ld+json\" class=\"yoast-schema-graph\">{\"@context\":\"https:\\\/\\\/schema.org\",\"@graph\":[{\"@type\":\"WebPage\",\"@id\":\"https:\\\/\\\/abcdentalsants.com\\\/ca\\\/contacte\\\/\",\"url\":\"https:\\\/\\\/abcdentalsants.com\\\/ca\\\/contacte\\\/\",\"name\":\"Cl\u00ednica Dental ABCDental Sants | Contacte\",\"isPartOf\":{\"@id\":\"https:\\\/\\\/abcdentalsants.com\\\/#website\"},\"datePublished\":\"2024-01-18T12:38:41+00:00\",\"dateModified\":\"2024-02-19T14:55:01+00:00\",\"description\":\"Busques una cl\u00ednica dental compromesa amb el teu benestar bucal? Demana cita al tel\u00e8fon 934 907 747 o per whatsapp al 635 555 492.\",\"breadcrumb\":{\"@id\":\"https:\\\/\\\/abcdentalsants.com\\\/ca\\\/contacte\\\/#breadcrumb\"},\"inLanguage\":\"ca\",\"potentialAction\":[{\"@type\":\"ReadAction\",\"target\":[\"https:\\\/\\\/abcdentalsants.com\\\/ca\\\/contacte\\\/\"]}]},{\"@type\":\"BreadcrumbList\",\"@id\":\"https:\\\/\\\/abcdentalsants.com\\\/ca\\\/contacte\\\/#breadcrumb\",\"itemListElement\":[{\"@type\":\"ListItem\",\"position\":1,\"name\":\"Inicio\",\"item\":\"https:\\\/\\\/abcdentalsants.com\\\/\"},{\"@type\":\"ListItem\",\"position\":2,\"name\":\"Contacte\"}]},{\"@type\":\"WebSite\",\"@id\":\"https:\\\/\\\/abcdentalsants.com\\\/#website\",\"url\":\"https:\\\/\\\/abcdentalsants.com\\\/\",\"name\":\"ABC Dental\",\"description\":\"\",\"potentialAction\":[{\"@type\":\"SearchAction\",\"target\":{\"@type\":\"EntryPoint\",\"urlTemplate\":\"https:\\\/\\\/abcdentalsants.com\\\/?s={search_term_string}\"},\"query-input\":{\"@type\":\"PropertyValueSpecification\",\"valueRequired\":true,\"valueName\":\"search_term_string\"}}],\"inLanguage\":\"ca\"}]}<\/script>\n<!-- \/ Yoast SEO plugin. -->","yoast_head_json":{"title":"Cl\u00ednica Dental ABCDental Sants | Contacte","description":"Busques una cl\u00ednica dental compromesa amb el teu benestar bucal? Demana cita al tel\u00e8fon 934 907 747 o per whatsapp al 635 555 492.","robots":{"index":"index","follow":"follow","max-snippet":"max-snippet:-1","max-image-preview":"max-image-preview:large","max-video-preview":"max-video-preview:-1"},"canonical":"https:\/\/abcdentalsants.com\/ca\/contacte\/","og_locale":"ca_ES","og_type":"article","og_title":"Cl\u00ednica Dental ABCDental Sants | Contacte","og_description":"Busques una cl\u00ednica dental compromesa amb el teu benestar bucal? Demana cita al tel\u00e8fon 934 907 747 o per whatsapp al 635 555 492.","og_url":"https:\/\/abcdentalsants.com\/ca\/contacte\/","og_site_name":"ABC Dental","article_modified_time":"2024-02-19T14:55:01+00:00","twitter_card":"summary_large_image","twitter_misc":{"Temps estimat de lectura":"2 minuts"},"schema":{"@context":"https:\/\/schema.org","@graph":[{"@type":"WebPage","@id":"https:\/\/abcdentalsants.com\/ca\/contacte\/","url":"https:\/\/abcdentalsants.com\/ca\/contacte\/","name":"Cl\u00ednica Dental ABCDental Sants | Contacte","isPartOf":{"@id":"https:\/\/abcdentalsants.com\/#website"},"datePublished":"2024-01-18T12:38:41+00:00","dateModified":"2024-02-19T14:55:01+00:00","description":"Busques una cl\u00ednica dental compromesa amb el teu benestar bucal? Demana cita al tel\u00e8fon 934 907 747 o per whatsapp al 635 555 492.","breadcrumb":{"@id":"https:\/\/abcdentalsants.com\/ca\/contacte\/#breadcrumb"},"inLanguage":"ca","potentialAction":[{"@type":"ReadAction","target":["https:\/\/abcdentalsants.com\/ca\/contacte\/"]}]},{"@type":"BreadcrumbList","@id":"https:\/\/abcdentalsants.com\/ca\/contacte\/#breadcrumb","itemListElement":[{"@type":"ListItem","position":1,"name":"Inicio","item":"https:\/\/abcdentalsants.com\/"},{"@type":"ListItem","position":2,"name":"Contacte"}]},{"@type":"WebSite","@id":"https:\/\/abcdentalsants.com\/#website","url":"https:\/\/abcdentalsants.com\/","name":"ABC Dental","description":"","potentialAction":[{"@type":"SearchAction","target":{"@type":"EntryPoint","urlTemplate":"https:\/\/abcdentalsants.com\/?s={search_term_string}"},"query-input":{"@type":"PropertyValueSpecification","valueRequired":true,"valueName":"search_term_string"}}],"inLanguage":"ca"}]}},"_links":{"self":[{"href":"https:\/\/abcdentalsants.com\/ca\/wp-json\/wp\/v2\/pages\/811","targetHints":{"allow":["GET"]}}],"collection":[{"href":"https:\/\/abcdentalsants.com\/ca\/wp-json\/wp\/v2\/pages"}],"about":[{"href":"https:\/\/abcdentalsants.com\/ca\/wp-json\/wp\/v2\/types\/page"}],"author":[{"embeddable":true,"href":"https:\/\/abcdentalsants.com\/ca\/wp-json\/wp\/v2\/users\/1"}],"replies":[{"embeddable":true,"href":"https:\/\/abcdentalsants.com\/ca\/wp-json\/wp\/v2\/comments?post=811"}],"version-history":[{"count":4,"href":"https:\/\/abcdentalsants.com\/ca\/wp-json\/wp\/v2\/pages\/811\/revisions"}],"predecessor-version":[{"id":832,"href":"https:\/\/abcdentalsants.com\/ca\/wp-json\/wp\/v2\/pages\/811\/revisions\/832"}],"wp:attachment":[{"href":"https:\/\/abcdentalsants.com\/ca\/wp-json\/wp\/v2\/media?parent=811"}],"curies":[{"name":"wp","href":"https:\/\/api.w.org\/{rel}","templated":true}]}}