{"id":814,"date":"2024-01-25T13:33:57","date_gmt":"2024-01-25T12:33:57","guid":{"rendered":"https:\/\/abcdentalsants.com\/equip-medic\/"},"modified":"2024-04-17T15:34:33","modified_gmt":"2024-04-17T13:34:33","slug":"equip-medic","status":"publish","type":"page","link":"https:\/\/abcdentalsants.com\/ca\/equip-medic\/","title":{"rendered":"Equip m\u00e8dic"},"content":{"rendered":"<p>[et_pb_section fb_built=&#8221;1&#8243; _builder_version=&#8221;4.23&#8243; _module_preset=&#8221;default&#8221; custom_padding=&#8221;||0px||false|false&#8221; locked=&#8221;off&#8221; global_colors_info=&#8221;{}&#8221;][et_pb_row column_structure=&#8221;1_2,1_2&#8243; _builder_version=&#8221;4.23&#8243; _module_preset=&#8221;default&#8221; width=&#8221;90%&#8221; custom_padding=&#8221;||0px||false|false&#8221; global_colors_info=&#8221;{}&#8221;][et_pb_column type=&#8221;1_2&#8243; _builder_version=&#8221;4.23&#8243; _module_preset=&#8221;default&#8221; global_colors_info=&#8221;{}&#8221;][et_pb_image src=&#8221;https:\/\/abcdentalsants.com\/wp-content\/uploads\/2024\/01\/equipo-medico-abc-dental-1.webp&#8221; title_text=&#8221;equipo-medico-abc-dental&#8221; _builder_version=&#8221;4.23&#8243; _module_preset=&#8221;default&#8221; global_colors_info=&#8221;{}&#8221;][\/et_pb_image][\/et_pb_column][et_pb_column type=&#8221;1_2&#8243; _builder_version=&#8221;4.23&#8243; _module_preset=&#8221;default&#8221; global_colors_info=&#8221;{}&#8221;][et_pb_text module_class=&#8221;span&#8221; _builder_version=&#8221;4.23&#8243; _module_preset=&#8221;default&#8221; text_text_color=&#8221;rgba(0,0,0,0.5)&#8221; header_3_font=&#8221;||||||||&#8221; header_3_text_color=&#8221;#000000&#8243; header_3_font_size=&#8221;28px&#8221; global_colors_info=&#8221;{}&#8221;]<\/p>\n<h3>El nostre equip m\u00e8dic<\/h3>\n<p>[\/et_pb_text][et_pb_text _builder_version=&#8221;4.23&#8243; _module_preset=&#8221;default&#8221; text_font=&#8221;|300|||||||&#8221; text_text_color=&#8221;#000000&#8243; header_3_font=&#8221;|600|||||||&#8221; header_3_text_color=&#8221;#555DA2&#8243; header_3_font_size=&#8221;26px&#8221; global_colors_info=&#8221;{}&#8221;]<\/p>\n<p>L&#8217;equip m\u00e8dic l&#8217;encap\u00e7alen la <strong>Dra. Bel\u00e9n Garrido<\/strong> (Directora M\u00e8dica) i el <strong>Dr. Iv\u00e1n<\/strong><br \/><strong>Barranco<\/strong> (especialista en rehabilitaci\u00f3 oral). Junts encap\u00e7alen un equip jove amb un objectiu clar, ajudar-te a cuidar la teva salut dental centrant-se en el teu cas.<\/p>\n<p>El <strong>Dr. Iv\u00e1n Barranco<\/strong>, col\u00b7legiat 4652, \u00e9s el nostre especialista en Implantologia. M\u00e0ster en<br \/>Oclusi\u00f3 i rehabilitaci\u00f3 oral i disfunci\u00f3 de l&#8217;articulaci\u00f3 temporomandibular. Tamb\u00e9 realitza informes pericials en casos de demandes.<\/p>\n<p>La Directora m\u00e8dica d&#8217;Abc Dental, la <strong>Dra. Bel\u00e9n Garrido<\/strong>, col\u00b7legiada 4653. Practica la odontologia integral i \u00e9s la responsable de l&#8217;\u00e0rea d&#8217;est\u00e8tica.<\/p>\n<p>[\/et_pb_text][\/et_pb_column][\/et_pb_row][\/et_pb_section][et_pb_section fb_built=&#8221;1&#8243; _builder_version=&#8221;4.23&#8243; _module_preset=&#8221;default&#8221; background_color=&#8221;#f7f7f7&#8243; custom_padding=&#8221;0px||0px||true|false&#8221; global_colors_info=&#8221;{}&#8221;][et_pb_row _builder_version=&#8221;4.23&#8243; _module_preset=&#8221;default&#8221; global_colors_info=&#8221;{}&#8221;][et_pb_column type=&#8221;4_4&#8243; _builder_version=&#8221;4.23&#8243; _module_preset=&#8221;default&#8221; global_colors_info=&#8221;{}&#8221;][et_pb_text module_class=&#8221;span&#8221; _builder_version=&#8221;4.23&#8243; _module_preset=&#8221;default&#8221; text_text_color=&#8221;rgba(0,0,0,0.5)&#8221; header_3_font=&#8221;|600|||||||&#8221; header_3_text_align=&#8221;center&#8221; header_3_text_color=&#8221;#000000&#8243; header_3_font_size=&#8221;28px&#8221; global_colors_info=&#8221;{}&#8221;]<\/p>\n<h3>Especialitats<\/h3>\n<p>[\/et_pb_text][\/et_pb_column][\/et_pb_row][et_pb_row column_structure=&#8221;1_2,1_2&#8243; module_id=&#8221;contenido-tratamiento&#8221; _builder_version=&#8221;4.23&#8243; _module_preset=&#8221;default&#8221; width=&#8221;100%&#8221; max_width=&#8221;800px&#8221; module_alignment=&#8221;center&#8221; global_colors_info=&#8221;{}&#8221;][et_pb_column type=&#8221;1_2&#8243; _builder_version=&#8221;4.23&#8243; _module_preset=&#8221;default&#8221; global_colors_info=&#8221;{}&#8221;][et_pb_text _builder_version=&#8221;4.23&#8243; _module_preset=&#8221;default&#8221; text_font=&#8221;|300|||||||&#8221; text_text_color=&#8221;#000000&#8243; header_3_font=&#8221;|600|||||||&#8221; header_3_text_color=&#8221;#555DA2&#8243; header_3_font_size=&#8221;26px&#8221; global_colors_info=&#8221;{}&#8221;]<\/p>\n<ul>\n<li>Implants dentals<\/li>\n<li>Est\u00e8tica<\/li>\n<li>Ortodoncia<\/li>\n<li>Odontopediatria<\/li>\n<\/ul>\n<p>[\/et_pb_text][\/et_pb_column][et_pb_column type=&#8221;1_2&#8243; _builder_version=&#8221;4.23&#8243; _module_preset=&#8221;default&#8221; global_colors_info=&#8221;{}&#8221;][et_pb_text _builder_version=&#8221;4.23&#8243; _module_preset=&#8221;default&#8221; text_font=&#8221;|300|||||||&#8221; text_text_color=&#8221;#000000&#8243; header_3_font=&#8221;|600|||||||&#8221; header_3_text_color=&#8221;#555DA2&#8243; header_3_font_size=&#8221;26px&#8221; global_colors_info=&#8221;{}&#8221;]<\/p>\n<ul>\n<li>Odontologia conservadora i preventiva<\/li>\n<li>Endodoncia<\/li>\n<li>Pr\u00f2tesis dentals<\/li>\n<li>Period\u00f2ncia<\/li>\n<\/ul>\n<p>[\/et_pb_text][\/et_pb_column][\/et_pb_row][\/et_pb_section][et_pb_section fb_built=&#8221;1&#8243; _builder_version=&#8221;4.23&#8243; _module_preset=&#8221;default&#8221; background_color=&#8221;#FFFFFF&#8221; custom_padding=&#8221;0px||0px||true|false&#8221; global_colors_info=&#8221;{}&#8221;][et_pb_row column_structure=&#8221;1_2,1_2&#8243; _builder_version=&#8221;4.23&#8243; _module_preset=&#8221;default&#8221; custom_padding=&#8221;5em||||false|false&#8221; global_colors_info=&#8221;{}&#8221;][et_pb_column type=&#8221;1_2&#8243; _builder_version=&#8221;4.23&#8243; _module_preset=&#8221;default&#8221; global_colors_info=&#8221;{}&#8221;][et_pb_blurb title=&#8221;ELISABET MART\u00cdNEZ&#8221; image=&#8221;https:\/\/abcdentalsants.com\/wp-content\/uploads\/2024\/01\/elisabet-martinez-clinica-abc-dental.webp&#8221; _builder_version=&#8221;4.23&#8243; _module_preset=&#8221;default&#8221; header_font=&#8221;|600|||||||&#8221; header_font_size=&#8221;16px&#8221; body_text_color=&#8221;#555DA2&#8243; custom_css_main_element=&#8221;display:flex;||flex-flow:row;&#8221; custom_css_blurb_image=&#8221;max-width:200px;||display:flex;||margin-right:2em;&#8221; custom_css_blurb_content=&#8221;display:flex;&#8221; global_colors_info=&#8221;{}&#8221;]<\/p>\n<p>Higienista dental i auxiliar cl\u00ednica<\/p>\n<p>[\/et_pb_blurb][\/et_pb_column][et_pb_column type=&#8221;1_2&#8243; _builder_version=&#8221;4.23&#8243; _module_preset=&#8221;default&#8221; global_colors_info=&#8221;{}&#8221;][et_pb_blurb title=&#8221;MARI ROBLES&#8221; image=&#8221;https:\/\/abcdentalsants.com\/wp-content\/uploads\/2024\/01\/mari-robles-clinica-abc-dental.webp&#8221; _builder_version=&#8221;4.23&#8243; _module_preset=&#8221;default&#8221; header_font=&#8221;|600|||||||&#8221; header_font_size=&#8221;16px&#8221; body_text_color=&#8221;#555DA2&#8243; custom_css_main_element=&#8221;display:flex;||flex-flow:row;&#8221; custom_css_blurb_image=&#8221;max-width:200px;||display:flex;||margin-right:2em;&#8221; custom_css_blurb_content=&#8221;display:flex;&#8221; global_colors_info=&#8221;{}&#8221;]<\/p>\n<p>Atenci\u00f3 al pacient i auxiliar cl\u00ednica<\/p>\n<p>[\/et_pb_blurb][\/et_pb_column][\/et_pb_row][\/et_pb_section]<\/p>\n","protected":false},"excerpt":{"rendered":"<p>El nostre equip m\u00e8dicL&#8217;equip m\u00e8dic l&#8217;encap\u00e7alen la Dra. Bel\u00e9n Garrido (Directora M\u00e8dica) i el Dr. Iv\u00e1nBarranco (especialista en rehabilitaci\u00f3 oral). Junts encap\u00e7alen un equip jove amb un objectiu clar, ajudar-te a cuidar la teva salut dental centrant-se en el teu cas. El Dr. Iv\u00e1n Barranco, col\u00b7legiat 4652, \u00e9s el nostre especialista en Implantologia. M\u00e0ster enOclusi\u00f3 [&hellip;]<\/p>\n","protected":false},"author":1,"featured_media":0,"parent":0,"menu_order":0,"comment_status":"closed","ping_status":"closed","template":"","meta":{"_acf_changed":false,"_et_pb_use_builder":"on","_et_pb_old_content":"","_et_gb_content_width":"","footnotes":""},"class_list":["post-814","page","type-page","status-publish","hentry"],"acf":[],"yoast_head":"<!-- This site is optimized with the Yoast SEO plugin v27.5 - https:\/\/yoast.com\/product\/yoast-seo-wordpress\/ -->\n<title>Cl\u00ednica Dental ABCDental Sants | Equip m\u00e8dic<\/title>\n<meta name=\"description\" content=\"L&#039;equip m\u00e8dic encap\u00e7alat per la Dra. Bel\u00e9n Garrido (Directora M\u00e8dica) i el Dr. Iv\u00e1n Barranco (especialista en rehabilitaci\u00f3 oral) tenen cura de la teva salut dental.\" \/>\n<meta name=\"robots\" content=\"index, follow, max-snippet:-1, max-image-preview:large, max-video-preview:-1\" \/>\n<link rel=\"canonical\" href=\"https:\/\/abcdentalsants.com\/equipo-medico\/\" \/>\n<meta property=\"og:locale\" content=\"ca_ES\" \/>\n<meta property=\"og:type\" content=\"article\" \/>\n<meta property=\"og:title\" content=\"Cl\u00ednica Dental ABCDental Sants | Equip m\u00e8dic\" \/>\n<meta property=\"og:description\" content=\"L&#039;equip m\u00e8dic encap\u00e7alat per la Dra. Bel\u00e9n Garrido (Directora M\u00e8dica) i el Dr. Iv\u00e1n Barranco (especialista en rehabilitaci\u00f3 oral) tenen cura de la teva salut dental.\" \/>\n<meta property=\"og:url\" content=\"https:\/\/abcdentalsants.com\/equipo-medico\/\" \/>\n<meta property=\"og:site_name\" content=\"ABC Dental\" \/>\n<meta property=\"article:modified_time\" content=\"2024-04-17T13:34:33+00:00\" \/>\n<meta name=\"twitter:card\" content=\"summary_large_image\" \/>\n<meta name=\"twitter:label1\" content=\"Temps estimat de lectura\" \/>\n\t<meta name=\"twitter:data1\" content=\"3 minuts\" \/>\n<script type=\"application\/ld+json\" class=\"yoast-schema-graph\">{\"@context\":\"https:\\\/\\\/schema.org\",\"@graph\":[{\"@type\":\"WebPage\",\"@id\":\"https:\\\/\\\/abcdentalsants.com\\\/equipo-medico\\\/\",\"url\":\"https:\\\/\\\/abcdentalsants.com\\\/equipo-medico\\\/\",\"name\":\"Cl\u00ednica Dental ABCDental Sants | Equip m\u00e8dic\",\"isPartOf\":{\"@id\":\"https:\\\/\\\/abcdentalsants.com\\\/#website\"},\"datePublished\":\"2024-01-25T12:33:57+00:00\",\"dateModified\":\"2024-04-17T13:34:33+00:00\",\"description\":\"L'equip m\u00e8dic encap\u00e7alat per la Dra. Bel\u00e9n Garrido (Directora M\u00e8dica) i el Dr. Iv\u00e1n Barranco (especialista en rehabilitaci\u00f3 oral) tenen cura de la teva salut dental.\",\"breadcrumb\":{\"@id\":\"https:\\\/\\\/abcdentalsants.com\\\/equipo-medico\\\/#breadcrumb\"},\"inLanguage\":\"ca\",\"potentialAction\":[{\"@type\":\"ReadAction\",\"target\":[\"https:\\\/\\\/abcdentalsants.com\\\/equipo-medico\\\/\"]}]},{\"@type\":\"BreadcrumbList\",\"@id\":\"https:\\\/\\\/abcdentalsants.com\\\/equipo-medico\\\/#breadcrumb\",\"itemListElement\":[{\"@type\":\"ListItem\",\"position\":1,\"name\":\"Inicio\",\"item\":\"https:\\\/\\\/abcdentalsants.com\\\/\"},{\"@type\":\"ListItem\",\"position\":2,\"name\":\"Equip m\u00e8dic\"}]},{\"@type\":\"WebSite\",\"@id\":\"https:\\\/\\\/abcdentalsants.com\\\/#website\",\"url\":\"https:\\\/\\\/abcdentalsants.com\\\/\",\"name\":\"ABC Dental\",\"description\":\"\",\"potentialAction\":[{\"@type\":\"SearchAction\",\"target\":{\"@type\":\"EntryPoint\",\"urlTemplate\":\"https:\\\/\\\/abcdentalsants.com\\\/?s={search_term_string}\"},\"query-input\":{\"@type\":\"PropertyValueSpecification\",\"valueRequired\":true,\"valueName\":\"search_term_string\"}}],\"inLanguage\":\"ca\"}]}<\/script>\n<!-- \/ Yoast SEO plugin. -->","yoast_head_json":{"title":"Cl\u00ednica Dental ABCDental Sants | Equip m\u00e8dic","description":"L'equip m\u00e8dic encap\u00e7alat per la Dra. Bel\u00e9n Garrido (Directora M\u00e8dica) i el Dr. Iv\u00e1n Barranco (especialista en rehabilitaci\u00f3 oral) tenen cura de la teva salut dental.","robots":{"index":"index","follow":"follow","max-snippet":"max-snippet:-1","max-image-preview":"max-image-preview:large","max-video-preview":"max-video-preview:-1"},"canonical":"https:\/\/abcdentalsants.com\/equipo-medico\/","og_locale":"ca_ES","og_type":"article","og_title":"Cl\u00ednica Dental ABCDental Sants | Equip m\u00e8dic","og_description":"L'equip m\u00e8dic encap\u00e7alat per la Dra. Bel\u00e9n Garrido (Directora M\u00e8dica) i el Dr. Iv\u00e1n Barranco (especialista en rehabilitaci\u00f3 oral) tenen cura de la teva salut dental.","og_url":"https:\/\/abcdentalsants.com\/equipo-medico\/","og_site_name":"ABC Dental","article_modified_time":"2024-04-17T13:34:33+00:00","twitter_card":"summary_large_image","twitter_misc":{"Temps estimat de lectura":"3 minuts"},"schema":{"@context":"https:\/\/schema.org","@graph":[{"@type":"WebPage","@id":"https:\/\/abcdentalsants.com\/equipo-medico\/","url":"https:\/\/abcdentalsants.com\/equipo-medico\/","name":"Cl\u00ednica Dental ABCDental Sants | Equip m\u00e8dic","isPartOf":{"@id":"https:\/\/abcdentalsants.com\/#website"},"datePublished":"2024-01-25T12:33:57+00:00","dateModified":"2024-04-17T13:34:33+00:00","description":"L'equip m\u00e8dic encap\u00e7alat per la Dra. Bel\u00e9n Garrido (Directora M\u00e8dica) i el Dr. Iv\u00e1n Barranco (especialista en rehabilitaci\u00f3 oral) tenen cura de la teva salut dental.","breadcrumb":{"@id":"https:\/\/abcdentalsants.com\/equipo-medico\/#breadcrumb"},"inLanguage":"ca","potentialAction":[{"@type":"ReadAction","target":["https:\/\/abcdentalsants.com\/equipo-medico\/"]}]},{"@type":"BreadcrumbList","@id":"https:\/\/abcdentalsants.com\/equipo-medico\/#breadcrumb","itemListElement":[{"@type":"ListItem","position":1,"name":"Inicio","item":"https:\/\/abcdentalsants.com\/"},{"@type":"ListItem","position":2,"name":"Equip m\u00e8dic"}]},{"@type":"WebSite","@id":"https:\/\/abcdentalsants.com\/#website","url":"https:\/\/abcdentalsants.com\/","name":"ABC Dental","description":"","potentialAction":[{"@type":"SearchAction","target":{"@type":"EntryPoint","urlTemplate":"https:\/\/abcdentalsants.com\/?s={search_term_string}"},"query-input":{"@type":"PropertyValueSpecification","valueRequired":true,"valueName":"search_term_string"}}],"inLanguage":"ca"}]}},"_links":{"self":[{"href":"https:\/\/abcdentalsants.com\/ca\/wp-json\/wp\/v2\/pages\/814","targetHints":{"allow":["GET"]}}],"collection":[{"href":"https:\/\/abcdentalsants.com\/ca\/wp-json\/wp\/v2\/pages"}],"about":[{"href":"https:\/\/abcdentalsants.com\/ca\/wp-json\/wp\/v2\/types\/page"}],"author":[{"embeddable":true,"href":"https:\/\/abcdentalsants.com\/ca\/wp-json\/wp\/v2\/users\/1"}],"replies":[{"embeddable":true,"href":"https:\/\/abcdentalsants.com\/ca\/wp-json\/wp\/v2\/comments?post=814"}],"version-history":[{"count":6,"href":"https:\/\/abcdentalsants.com\/ca\/wp-json\/wp\/v2\/pages\/814\/revisions"}],"predecessor-version":[{"id":1345,"href":"https:\/\/abcdentalsants.com\/ca\/wp-json\/wp\/v2\/pages\/814\/revisions\/1345"}],"wp:attachment":[{"href":"https:\/\/abcdentalsants.com\/ca\/wp-json\/wp\/v2\/media?parent=814"}],"curies":[{"name":"wp","href":"https:\/\/api.w.org\/{rel}","templated":true}]}}