{"id":823,"date":"2024-01-18T14:19:56","date_gmt":"2024-01-18T13:19:56","guid":{"rendered":"https:\/\/abcdentalsants.com\/tractaments\/"},"modified":"2024-04-17T15:38:50","modified_gmt":"2024-04-17T13:38:50","slug":"tractaments","status":"publish","type":"page","link":"https:\/\/abcdentalsants.com\/ca\/tractaments\/","title":{"rendered":"Tractaments"},"content":{"rendered":"<p>[et_pb_section fb_built=&#8221;1&#8243; _builder_version=&#8221;4.23&#8243; _module_preset=&#8221;default&#8221; background_color=&#8221;#f9f9f9&#8243; global_colors_info=&#8221;{}&#8221;][et_pb_row _builder_version=&#8221;4.23&#8243; _module_preset=&#8221;default&#8221; global_colors_info=&#8221;{}&#8221;][et_pb_column type=&#8221;4_4&#8243; _builder_version=&#8221;4.23&#8243; _module_preset=&#8221;default&#8221; global_colors_info=&#8221;{}&#8221;][et_pb_code _builder_version=&#8221;4.23&#8243; _module_preset=&#8221;default&#8221; global_colors_info=&#8221;{}&#8221;]<ul id=\"grid-tratamientos\"><a class=\"tratamiento\" href=\"https:\/\/abcdentalsants.com\/ca\/tratamientos\/implants-dentals\/\"><img decoding=\"async\" src=\"https:\/\/abcdentalsants.com\/wp-content\/uploads\/2024\/01\/icono-implantes-dentales-2.svg\" width=\"50px\" \/><h3>Implants dentals<\/h3><p class=\"excerpt\">Un implant \u00e9s una pe\u00e7a en forma de cargol qu\u00e8 servir\u00e0 de suport a la nova pe\u00e7a dental (o diverses peces). La realitzaci\u00f3 d'un diagn\u00f2stic correcte \u00e9s essencial per oferir l'opci\u00f3 m\u00e9s adequada a cada pacient, treballant sempre amb implants de m\u00e9s qualitat.<\/p><p class=\"mas-info\">M\u00e1s informaci\u00f3n<\/p><\/a><a class=\"tratamiento\" href=\"https:\/\/abcdentalsants.com\/ca\/tratamientos\/estetica-dental\/\"><img decoding=\"async\" src=\"https:\/\/abcdentalsants.com\/wp-content\/uploads\/2024\/01\/icono-estetica-dental-1.svg\" width=\"50px\" \/><h3>Est\u00e8tica Dental<\/h3><p class=\"excerpt\">Els tractaments d'est\u00e8tica i blanquejament dental han aconseguit un gran nivell de perfecci\u00f3 a l'hora d'imitar la dent natural o fins i tot poder millorar-lo. Si la vostra intenci\u00f3 \u00e9s rejovenir i blanquejar les vostres dents, hi ha diferents t\u00e8cniques a triar.<\/p><p class=\"mas-info\">M\u00e1s informaci\u00f3n<\/p><\/a><a class=\"tratamiento\" href=\"https:\/\/abcdentalsants.com\/ca\/tratamientos\/odontologia-preventiva\/\"><img decoding=\"async\" src=\"https:\/\/abcdentalsants.com\/wp-content\/uploads\/2024\/01\/icono-odontologia-preventiva.svg\" width=\"50px\" \/><h3>Odontologia Preventiva<\/h3><p class=\"excerpt\">Seguint el principi que prevenir \u00e9s millor que guarir, els nostres esfor\u00e7os van encaminats a evitar l'aparici\u00f3 de patologies bucodentals. Per fer-ho, apliquem t\u00e8cniques d'odontologia preventiva per controlar peri\u00f2dicament el nivell d'higiene oral.<\/p><p class=\"mas-info\">M\u00e1s informaci\u00f3n<\/p><\/a><a class=\"tratamiento\" href=\"https:\/\/abcdentalsants.com\/ca\/tratamientos\/ortodoncia\/\"><img decoding=\"async\" src=\"https:\/\/abcdentalsants.com\/wp-content\/uploads\/2024\/01\/icono-ortodoncia-1.svg\" width=\"50px\" \/><h3>Ortod\u00f2ncia<\/h3><p class=\"excerpt\">Els tractaments d'ortod\u00f2ncia s\u00f3n necessaris per obtenir una bona oclusi\u00f3. Unes dents correctament alineades faciliten una higiene oral \u00f2ptima i ajuden a prevenir l'aparici\u00f3 de c\u00e0ries i la malaltia periodontal. A m\u00e9s, aconseguirem una est\u00e8tica facial m\u00e9s harmoniosa i atractiva.<\/p><p class=\"mas-info\">M\u00e1s informaci\u00f3n<\/p><\/a><a class=\"tratamiento\" href=\"https:\/\/abcdentalsants.com\/ca\/tratamientos\/odontopediatria\/\"><img decoding=\"async\" src=\"https:\/\/abcdentalsants.com\/wp-content\/uploads\/2024\/01\/icono-odontopediatra-2.svg\" width=\"50px\" \/><h3>Odontopediatria<\/h3><p class=\"excerpt\">Els nens requereixen una atenci\u00f3 i una dedicaci\u00f3 especial ja que no s\u00f3n petits adults. Cal fer-los part\u00edcips dels tractaments que necessiten perqu\u00e8 la col\u00b7laboraci\u00f3 sigui m\u00e0xima.<\/p><p class=\"mas-info\">M\u00e1s informaci\u00f3n<\/p><\/a><a class=\"tratamiento\" href=\"https:\/\/abcdentalsants.com\/ca\/tratamientos\/dolor-articular-i-bruxisme\/\"><img decoding=\"async\" src=\"https:\/\/abcdentalsants.com\/wp-content\/uploads\/2024\/01\/icono-dolor-articular-bruxismo.svg\" width=\"50px\" \/><h3>Dolor articular i bruxisme<\/h3><p class=\"excerpt\">La realitzaci\u00f3 d'un diagn\u00f2stic correcte, juntament amb la interconsulta a altres professionals com fisioterapeutes, pot eliminar o reduir considerablement aquests problemes. S'ha de planificar el tractament que m\u00e9s s'adeq\u00fci a la patologia de cada pacient, incloent-hi una f\u00e8rula de desc\u00e0rrega i exercicis de fisioter\u00e0pia.<\/p><p class=\"mas-info\">M\u00e1s informaci\u00f3n<\/p><\/a><a class=\"tratamiento\" href=\"https:\/\/abcdentalsants.com\/ca\/tratamientos\/odontologia-conservadora\/\"><img decoding=\"async\" src=\"https:\/\/abcdentalsants.com\/wp-content\/uploads\/2024\/01\/icono-odontologia-conservadora-1.svg\" width=\"50px\" \/><h3>Odontologia conservadora<\/h3><p class=\"excerpt\">L'odontologia conservadora \u00e9s la t\u00e8cnica per la qual es tracta la dent per evitar-ne l'extracci\u00f3. S'utilitza per restaurar les zones danyades per c\u00e0ries i altres afeccions com ara traumatismes o malformacions, netejant i tractant la pe\u00e7a danyada sense afectar la resta de la dent.<\/p><p class=\"mas-info\">M\u00e1s informaci\u00f3n<\/p><\/a><a class=\"tratamiento\" href=\"https:\/\/abcdentalsants.com\/ca\/tratamientos\/endodoncia\/\"><img decoding=\"async\" src=\"https:\/\/abcdentalsants.com\/wp-content\/uploads\/2024\/01\/icono-endodoncia-1.svg\" width=\"50px\" \/><h3>Endod\u00f2ncia<\/h3><p class=\"excerpt\">Quan la c\u00e0ries \u00e9s molt gran, o el nervi queda exposat per un traumatisme, el tractament d'elecci\u00f3 \u00e9s per definici\u00f3 l'endod\u00f2ncia (matar nervi). \u00c9s un tractament que es realitza per evitar l'extracci\u00f3, ja que si la polpa est\u00e0 afectada ja no n'hi ha prou amb obturar (empastar).<\/p><p class=\"mas-info\">M\u00e1s informaci\u00f3n<\/p><\/a><a class=\"tratamiento\" href=\"https:\/\/abcdentalsants.com\/ca\/tratamientos\/protesis-dentals\/\"><img decoding=\"async\" src=\"https:\/\/abcdentalsants.com\/wp-content\/uploads\/2024\/01\/icono-protesis-dentales.svg\" width=\"50px\" \/><h3>Pr\u00f2tesis dentals<\/h3><p class=\"excerpt\">Quan s'han perdut una o diverses peces dentals, i despr\u00e9s d'un estudi exhaustiu del cas, podem proposar diverses alternatives prot\u00e8siques per reposar aquestes dents, ja sigui de manera fixa o removible. Podem utilitzar per subjectar les pr\u00f2tesis les pr\u00f2pies dents o implants col\u00b7locats per a aquest fi.<\/p><p class=\"mas-info\">M\u00e1s informaci\u00f3n<\/p><\/a><a class=\"tratamiento\" href=\"https:\/\/abcdentalsants.com\/ca\/tratamientos\/periodoncia\/\"><img decoding=\"async\" src=\"https:\/\/abcdentalsants.com\/wp-content\/uploads\/2024\/01\/icono-periodoncia-1.svg\" width=\"50px\" \/><h3>Period\u00f2ncia<\/h3><p class=\"excerpt\">Mantenir una correcta higiene oral \u00e9s essencial per a la salut de les nostres dents i genives. La tosca al voltant de les dents, afavoreix la inflamaci\u00f3 de la geniva i la p\u00e8rdua de pinyol, apareixent la periodontitis (piorrea) arribant a produir mobilitat de les dents per falta de suport fins arribar a la seva p\u00e8rdua si no es tracta adequadament.<\/p><p class=\"mas-info\">M\u00e1s informaci\u00f3n<\/p><\/a><a class=\"tratamiento\" href=\"https:\/\/abcdentalsants.com\/ca\/tratamientos\/rehabilitacio-oral\/\"><img decoding=\"async\" src=\"https:\/\/abcdentalsants.com\/wp-content\/uploads\/2024\/01\/icono-rehabilitacion-oral-1.svg\" width=\"50px\" \/><h3>Rehabilitaci\u00f3 oral<\/h3><p class=\"excerpt\">La rehabilitaci\u00f3 oral engloba multitud de tractaments per tornar pacients amb greus defici\u00e8ncies a la boca, la funcionalitat i l'est\u00e8tica que han perdut. S\u00f3n tractaments multidisciplinaris que combinen pr\u00f2tesis, implants, fundes, endod\u00f2ncies, etc, buscant l'objectiu de satisfer les demandes dels nostres pacients.<\/p><p class=\"mas-info\">M\u00e1s informaci\u00f3n<\/p><\/a><a class=\"tratamiento\" href=\"https:\/\/abcdentalsants.com\/ca\/tratamientos\/tac-dental-o-scanner-maxillar\/\"><img decoding=\"async\" src=\"https:\/\/abcdentalsants.com\/wp-content\/uploads\/2024\/01\/icono-tac-dental-scanner-maxilar-1.svg\" width=\"50px\" \/><h3>TAC dental o scanner maxil\u00b7lar<\/h3><p class=\"excerpt\">A les nostres instal\u00b7lacions trobar\u00e0s els mitjans de diagn\u00f2stic m\u00e9s avan\u00e7ats com el TAC dental o Scanner maxil\u00b7lar. Gr\u00e0cies a aquesta tecnologia podem veure en 3D l'interior de les teves dents i ossos per oferir tractaments m\u00ednimament invasius.<\/p><p class=\"mas-info\">M\u00e1s informaci\u00f3n<\/p><\/a><\/ul>[\/et_pb_code][\/et_pb_column][\/et_pb_row][\/et_pb_section]<\/p>\n","protected":false},"excerpt":{"rendered":"<p>[et_pb_section fb_built=&#8221;1&#8243; _builder_version=&#8221;4.23&#8243; _module_preset=&#8221;default&#8221; background_color=&#8221;#f9f9f9&#8243; global_colors_info=&#8221;{}&#8221;][et_pb_row _builder_version=&#8221;4.23&#8243; _module_preset=&#8221;default&#8221; global_colors_info=&#8221;{}&#8221;][et_pb_column type=&#8221;4_4&#8243; _builder_version=&#8221;4.23&#8243; _module_preset=&#8221;default&#8221; global_colors_info=&#8221;{}&#8221;][et_pb_code _builder_version=&#8221;4.23&#8243; _module_preset=&#8221;default&#8221; global_colors_info=&#8221;{}&#8221;][\/et_pb_code][\/et_pb_column][\/et_pb_row][\/et_pb_section]<\/p>\n","protected":false},"author":1,"featured_media":0,"parent":0,"menu_order":0,"comment_status":"closed","ping_status":"closed","template":"","meta":{"_acf_changed":false,"_et_pb_use_builder":"on","_et_pb_old_content":"","_et_gb_content_width":"","footnotes":""},"class_list":["post-823","page","type-page","status-publish","hentry"],"acf":[],"yoast_head":"<!-- This site is optimized with the Yoast SEO plugin v27.5 - https:\/\/yoast.com\/product\/yoast-seo-wordpress\/ -->\n<title>Cl\u00ednica Dental ABCDental Sants | Tractaments dentals<\/title>\n<meta name=\"description\" content=\"Implants dentals | Est\u00e8tica dental | Odontologia | Odontopediatria | Bruxisme | Rehabilitaci\u00f3 oral. Demana cita 934 907 747 o 635 555 492 (Whatsapp).\" \/>\n<meta name=\"robots\" content=\"index, follow, max-snippet:-1, max-image-preview:large, max-video-preview:-1\" \/>\n<link rel=\"canonical\" href=\"https:\/\/abcdentalsants.com\/ca\/tractaments\/\" \/>\n<meta property=\"og:locale\" content=\"ca_ES\" \/>\n<meta property=\"og:type\" content=\"article\" \/>\n<meta property=\"og:title\" content=\"Cl\u00ednica Dental ABCDental Sants | Tractaments dentals\" \/>\n<meta property=\"og:description\" content=\"Implants dentals | Est\u00e8tica dental | Odontologia | Odontopediatria | Bruxisme | Rehabilitaci\u00f3 oral. Demana cita 934 907 747 o 635 555 492 (Whatsapp).\" \/>\n<meta property=\"og:url\" content=\"https:\/\/abcdentalsants.com\/ca\/tractaments\/\" \/>\n<meta property=\"og:site_name\" content=\"ABC Dental\" \/>\n<meta property=\"article:modified_time\" content=\"2024-04-17T13:38:50+00:00\" \/>\n<meta name=\"twitter:card\" content=\"summary_large_image\" \/>\n<script type=\"application\/ld+json\" class=\"yoast-schema-graph\">{\"@context\":\"https:\\\/\\\/schema.org\",\"@graph\":[{\"@type\":\"WebPage\",\"@id\":\"https:\\\/\\\/abcdentalsants.com\\\/ca\\\/tractaments\\\/\",\"url\":\"https:\\\/\\\/abcdentalsants.com\\\/ca\\\/tractaments\\\/\",\"name\":\"Cl\u00ednica Dental ABCDental Sants | Tractaments dentals\",\"isPartOf\":{\"@id\":\"https:\\\/\\\/abcdentalsants.com\\\/#website\"},\"datePublished\":\"2024-01-18T13:19:56+00:00\",\"dateModified\":\"2024-04-17T13:38:50+00:00\",\"description\":\"Implants dentals | Est\u00e8tica dental | Odontologia | Odontopediatria | Bruxisme | Rehabilitaci\u00f3 oral. Demana cita 934 907 747 o 635 555 492 (Whatsapp).\",\"breadcrumb\":{\"@id\":\"https:\\\/\\\/abcdentalsants.com\\\/ca\\\/tractaments\\\/#breadcrumb\"},\"inLanguage\":\"ca\",\"potentialAction\":[{\"@type\":\"ReadAction\",\"target\":[\"https:\\\/\\\/abcdentalsants.com\\\/ca\\\/tractaments\\\/\"]}]},{\"@type\":\"BreadcrumbList\",\"@id\":\"https:\\\/\\\/abcdentalsants.com\\\/ca\\\/tractaments\\\/#breadcrumb\",\"itemListElement\":[{\"@type\":\"ListItem\",\"position\":1,\"name\":\"Inicio\",\"item\":\"https:\\\/\\\/abcdentalsants.com\\\/\"},{\"@type\":\"ListItem\",\"position\":2,\"name\":\"Tractaments\"}]},{\"@type\":\"WebSite\",\"@id\":\"https:\\\/\\\/abcdentalsants.com\\\/#website\",\"url\":\"https:\\\/\\\/abcdentalsants.com\\\/\",\"name\":\"ABC Dental\",\"description\":\"\",\"potentialAction\":[{\"@type\":\"SearchAction\",\"target\":{\"@type\":\"EntryPoint\",\"urlTemplate\":\"https:\\\/\\\/abcdentalsants.com\\\/?s={search_term_string}\"},\"query-input\":{\"@type\":\"PropertyValueSpecification\",\"valueRequired\":true,\"valueName\":\"search_term_string\"}}],\"inLanguage\":\"ca\"}]}<\/script>\n<!-- \/ Yoast SEO plugin. -->","yoast_head_json":{"title":"Cl\u00ednica Dental ABCDental Sants | Tractaments dentals","description":"Implants dentals | Est\u00e8tica dental | Odontologia | Odontopediatria | Bruxisme | Rehabilitaci\u00f3 oral. Demana cita 934 907 747 o 635 555 492 (Whatsapp).","robots":{"index":"index","follow":"follow","max-snippet":"max-snippet:-1","max-image-preview":"max-image-preview:large","max-video-preview":"max-video-preview:-1"},"canonical":"https:\/\/abcdentalsants.com\/ca\/tractaments\/","og_locale":"ca_ES","og_type":"article","og_title":"Cl\u00ednica Dental ABCDental Sants | Tractaments dentals","og_description":"Implants dentals | Est\u00e8tica dental | Odontologia | Odontopediatria | Bruxisme | Rehabilitaci\u00f3 oral. Demana cita 934 907 747 o 635 555 492 (Whatsapp).","og_url":"https:\/\/abcdentalsants.com\/ca\/tractaments\/","og_site_name":"ABC Dental","article_modified_time":"2024-04-17T13:38:50+00:00","twitter_card":"summary_large_image","schema":{"@context":"https:\/\/schema.org","@graph":[{"@type":"WebPage","@id":"https:\/\/abcdentalsants.com\/ca\/tractaments\/","url":"https:\/\/abcdentalsants.com\/ca\/tractaments\/","name":"Cl\u00ednica Dental ABCDental Sants | Tractaments dentals","isPartOf":{"@id":"https:\/\/abcdentalsants.com\/#website"},"datePublished":"2024-01-18T13:19:56+00:00","dateModified":"2024-04-17T13:38:50+00:00","description":"Implants dentals | Est\u00e8tica dental | Odontologia | Odontopediatria | Bruxisme | Rehabilitaci\u00f3 oral. Demana cita 934 907 747 o 635 555 492 (Whatsapp).","breadcrumb":{"@id":"https:\/\/abcdentalsants.com\/ca\/tractaments\/#breadcrumb"},"inLanguage":"ca","potentialAction":[{"@type":"ReadAction","target":["https:\/\/abcdentalsants.com\/ca\/tractaments\/"]}]},{"@type":"BreadcrumbList","@id":"https:\/\/abcdentalsants.com\/ca\/tractaments\/#breadcrumb","itemListElement":[{"@type":"ListItem","position":1,"name":"Inicio","item":"https:\/\/abcdentalsants.com\/"},{"@type":"ListItem","position":2,"name":"Tractaments"}]},{"@type":"WebSite","@id":"https:\/\/abcdentalsants.com\/#website","url":"https:\/\/abcdentalsants.com\/","name":"ABC Dental","description":"","potentialAction":[{"@type":"SearchAction","target":{"@type":"EntryPoint","urlTemplate":"https:\/\/abcdentalsants.com\/?s={search_term_string}"},"query-input":{"@type":"PropertyValueSpecification","valueRequired":true,"valueName":"search_term_string"}}],"inLanguage":"ca"}]}},"_links":{"self":[{"href":"https:\/\/abcdentalsants.com\/ca\/wp-json\/wp\/v2\/pages\/823","targetHints":{"allow":["GET"]}}],"collection":[{"href":"https:\/\/abcdentalsants.com\/ca\/wp-json\/wp\/v2\/pages"}],"about":[{"href":"https:\/\/abcdentalsants.com\/ca\/wp-json\/wp\/v2\/types\/page"}],"author":[{"embeddable":true,"href":"https:\/\/abcdentalsants.com\/ca\/wp-json\/wp\/v2\/users\/1"}],"replies":[{"embeddable":true,"href":"https:\/\/abcdentalsants.com\/ca\/wp-json\/wp\/v2\/comments?post=823"}],"version-history":[{"count":1,"href":"https:\/\/abcdentalsants.com\/ca\/wp-json\/wp\/v2\/pages\/823\/revisions"}],"predecessor-version":[{"id":824,"href":"https:\/\/abcdentalsants.com\/ca\/wp-json\/wp\/v2\/pages\/823\/revisions\/824"}],"wp:attachment":[{"href":"https:\/\/abcdentalsants.com\/ca\/wp-json\/wp\/v2\/media?parent=823"}],"curies":[{"name":"wp","href":"https:\/\/api.w.org\/{rel}","templated":true}]}}