{"id":825,"date":"2024-01-25T11:46:44","date_gmt":"2024-01-25T10:46:44","guid":{"rendered":"https:\/\/abcdentalsants.com\/blog\/"},"modified":"2024-04-17T15:30:45","modified_gmt":"2024-04-17T13:30:45","slug":"blog","status":"publish","type":"page","link":"https:\/\/abcdentalsants.com\/ca\/blog\/","title":{"rendered":"Blog"},"content":{"rendered":"<p>[et_pb_section fb_built=&#8221;1&#8243; _builder_version=&#8221;4.23&#8243; _module_preset=&#8221;default&#8221; custom_margin=&#8221;||0px||false|false&#8221; custom_padding=&#8221;0px||0px||true|false&#8221; hover_enabled=&#8221;0&#8243; global_colors_info=&#8221;{}&#8221; module_id=&#8221;ultimo-post&#8221; sticky_enabled=&#8221;0&#8243;][et_pb_row column_structure=&#8221;1_2,1_2&#8243; _builder_version=&#8221;4.23&#8243; _module_preset=&#8221;default&#8221; background_enable_image=&#8221;off&#8221; width=&#8221;100%&#8221; custom_padding=&#8221;||0px||false|false&#8221; global_colors_info=&#8221;{}&#8221;][et_pb_column type=&#8221;1_2&#8243; _builder_version=&#8221;4.23&#8243; _module_preset=&#8221;default&#8221; global_colors_info=&#8221;{}&#8221;][et_pb_blog posts_number=&#8221;1&#8243; include_categories=&#8221;,all&#8221; use_manual_excerpt=&#8221;off&#8221; show_author=&#8221;off&#8221; show_date=&#8221;off&#8221; show_categories=&#8221;off&#8221; show_excerpt=&#8221;off&#8221; show_pagination=&#8221;off&#8221; _builder_version=&#8221;4.23&#8243; _module_preset=&#8221;default&#8221; custom_margin=&#8221;||0px||false|false&#8221; custom_padding=&#8221;||0px||false|false&#8221; custom_css_title=&#8221;display:none;&#8221; global_colors_info=&#8221;{}&#8221;][\/et_pb_blog][\/et_pb_column][et_pb_column type=&#8221;1_2&#8243; _builder_version=&#8221;4.23&#8243; _module_preset=&#8221;default&#8221; global_colors_info=&#8221;{}&#8221;][et_pb_blog posts_number=&#8221;1&#8243; show_thumbnail=&#8221;off&#8221; show_more=&#8221;on&#8221; show_author=&#8221;off&#8221; show_date=&#8221;off&#8221; show_pagination=&#8221;off&#8221; _builder_version=&#8221;4.23&#8243; _module_preset=&#8221;default&#8221; header_font=&#8221;|700|||||||&#8221; header_font_size=&#8221;30px&#8221; header_line_height=&#8221;1.2em&#8221; body_font=&#8221;|300|||||||&#8221; body_text_color=&#8221;#000000&#8243; body_line_height=&#8221;2em&#8221; read_more_font=&#8221;||||||||&#8221; read_more_text_color=&#8221;#FFFFFF&#8221; hover_enabled=&#8221;0&#8243; custom_css_read_more=&#8221;background-color:#555da2;||width:fit-content;||padding:0.5em 3em;||margin-top:1em;||border-radius:7px;||font-weight:500;||text-transform:capitalize;||order:3;&#8221; global_colors_info=&#8221;{}&#8221; meta_text_color=&#8221;#555DA2&#8243; meta_font=&#8221;|||on|||||&#8221; custom_css_post_meta=&#8221;order:0;&#8221; custom_css_title=&#8221;order:1;&#8221; custom_css_content=&#8221;order:2;&#8221; custom_css_main_element=&#8221;display:flex;||flex-flow:column;&#8221; sticky_enabled=&#8221;0&#8243;][\/et_pb_blog][\/et_pb_column][\/et_pb_row][\/et_pb_section][et_pb_section fb_built=&#8221;1&#8243; _builder_version=&#8221;4.23&#8243; _module_preset=&#8221;default&#8221; custom_padding=&#8221;0px||||false|false&#8221; global_colors_info=&#8221;{}&#8221;][et_pb_row module_id=&#8221;grid-blog&#8221; _builder_version=&#8221;4.23&#8243; _module_preset=&#8221;default&#8221; global_colors_info=&#8221;{}&#8221;][et_pb_column type=&#8221;4_4&#8243; _builder_version=&#8221;4.23&#8243; _module_preset=&#8221;default&#8221; global_colors_info=&#8221;{}&#8221;][et_pb_blog fullwidth=&#8221;off&#8221; posts_number=&#8221;3&#8243; include_categories=&#8221;,all&#8221; show_more=&#8221;on&#8221; show_author=&#8221;off&#8221; show_date=&#8221;off&#8221; show_categories=&#8221;off&#8221; show_excerpt=&#8221;off&#8221; offset_number=&#8221;1&#8243; _builder_version=&#8221;4.23&#8243; _module_preset=&#8221;default&#8221; header_line_height=&#8221;1.2em&#8221; read_more_text_color=&#8221;#FFFFFF&#8221; custom_css_title=&#8221;margin-bottom:1em;&#8221; custom_css_read_more=&#8221;background-color:#555da2;||width:fit-content;||padding:1em 3em;||border-radius:7px;||font-weight:500;||text-transform:capitalize;&#8221; global_colors_info=&#8221;{}&#8221;][\/et_pb_blog][\/et_pb_column][\/et_pb_row][\/et_pb_section]<\/p>\n","protected":false},"excerpt":{"rendered":"","protected":false},"author":1,"featured_media":0,"parent":0,"menu_order":0,"comment_status":"closed","ping_status":"closed","template":"","meta":{"_acf_changed":false,"_et_pb_use_builder":"on","_et_pb_old_content":"","_et_gb_content_width":"","footnotes":""},"class_list":["post-825","page","type-page","status-publish","hentry"],"acf":[],"yoast_head":"<!-- This site is optimized with the Yoast SEO plugin v27.5 - https:\/\/yoast.com\/product\/yoast-seo-wordpress\/ -->\n<title>Blog | Cl\u00ednica ABCDental Sants<\/title>\n<meta name=\"description\" content=\"Al Blog d&#039;ABC Dental trobar\u00e0s articles relacionats amb la salut, higiene i est\u00e8tica dental, aix\u00ed com tractaments i tecnologia avan\u00e7ada.\" \/>\n<meta name=\"robots\" content=\"index, follow, max-snippet:-1, max-image-preview:large, max-video-preview:-1\" \/>\n<link rel=\"canonical\" href=\"https:\/\/abcdentalsants.com\/ca\/blog\/\" \/>\n<meta property=\"og:locale\" content=\"ca_ES\" \/>\n<meta property=\"og:type\" content=\"article\" \/>\n<meta property=\"og:title\" content=\"Blog | Cl\u00ednica ABCDental Sants\" \/>\n<meta property=\"og:description\" content=\"Al Blog d&#039;ABC Dental trobar\u00e0s articles relacionats amb la salut, higiene i est\u00e8tica dental, aix\u00ed com tractaments i tecnologia avan\u00e7ada.\" \/>\n<meta property=\"og:url\" content=\"https:\/\/abcdentalsants.com\/ca\/blog\/\" \/>\n<meta property=\"og:site_name\" content=\"ABC Dental\" \/>\n<meta property=\"article:modified_time\" content=\"2024-04-17T13:30:45+00:00\" \/>\n<meta name=\"twitter:card\" content=\"summary_large_image\" \/>\n<meta name=\"twitter:label1\" content=\"Temps estimat de lectura\" \/>\n\t<meta name=\"twitter:data1\" content=\"1 minut\" \/>\n<script type=\"application\/ld+json\" class=\"yoast-schema-graph\">{\"@context\":\"https:\\\/\\\/schema.org\",\"@graph\":[{\"@type\":\"WebPage\",\"@id\":\"https:\\\/\\\/abcdentalsants.com\\\/ca\\\/blog\\\/\",\"url\":\"https:\\\/\\\/abcdentalsants.com\\\/ca\\\/blog\\\/\",\"name\":\"Blog | Cl\u00ednica ABCDental Sants\",\"isPartOf\":{\"@id\":\"https:\\\/\\\/abcdentalsants.com\\\/#website\"},\"datePublished\":\"2024-01-25T10:46:44+00:00\",\"dateModified\":\"2024-04-17T13:30:45+00:00\",\"description\":\"Al Blog d'ABC Dental trobar\u00e0s articles relacionats amb la salut, higiene i est\u00e8tica dental, aix\u00ed com tractaments i tecnologia avan\u00e7ada.\",\"breadcrumb\":{\"@id\":\"https:\\\/\\\/abcdentalsants.com\\\/ca\\\/blog\\\/#breadcrumb\"},\"inLanguage\":\"ca\",\"potentialAction\":[{\"@type\":\"ReadAction\",\"target\":[\"https:\\\/\\\/abcdentalsants.com\\\/ca\\\/blog\\\/\"]}]},{\"@type\":\"BreadcrumbList\",\"@id\":\"https:\\\/\\\/abcdentalsants.com\\\/ca\\\/blog\\\/#breadcrumb\",\"itemListElement\":[{\"@type\":\"ListItem\",\"position\":1,\"name\":\"Inicio\",\"item\":\"https:\\\/\\\/abcdentalsants.com\\\/\"},{\"@type\":\"ListItem\",\"position\":2,\"name\":\"Blog\"}]},{\"@type\":\"WebSite\",\"@id\":\"https:\\\/\\\/abcdentalsants.com\\\/#website\",\"url\":\"https:\\\/\\\/abcdentalsants.com\\\/\",\"name\":\"ABC Dental\",\"description\":\"\",\"potentialAction\":[{\"@type\":\"SearchAction\",\"target\":{\"@type\":\"EntryPoint\",\"urlTemplate\":\"https:\\\/\\\/abcdentalsants.com\\\/?s={search_term_string}\"},\"query-input\":{\"@type\":\"PropertyValueSpecification\",\"valueRequired\":true,\"valueName\":\"search_term_string\"}}],\"inLanguage\":\"ca\"}]}<\/script>\n<!-- \/ Yoast SEO plugin. -->","yoast_head_json":{"title":"Blog | Cl\u00ednica ABCDental Sants","description":"Al Blog d'ABC Dental trobar\u00e0s articles relacionats amb la salut, higiene i est\u00e8tica dental, aix\u00ed com tractaments i tecnologia avan\u00e7ada.","robots":{"index":"index","follow":"follow","max-snippet":"max-snippet:-1","max-image-preview":"max-image-preview:large","max-video-preview":"max-video-preview:-1"},"canonical":"https:\/\/abcdentalsants.com\/ca\/blog\/","og_locale":"ca_ES","og_type":"article","og_title":"Blog | Cl\u00ednica ABCDental Sants","og_description":"Al Blog d'ABC Dental trobar\u00e0s articles relacionats amb la salut, higiene i est\u00e8tica dental, aix\u00ed com tractaments i tecnologia avan\u00e7ada.","og_url":"https:\/\/abcdentalsants.com\/ca\/blog\/","og_site_name":"ABC Dental","article_modified_time":"2024-04-17T13:30:45+00:00","twitter_card":"summary_large_image","twitter_misc":{"Temps estimat de lectura":"1 minut"},"schema":{"@context":"https:\/\/schema.org","@graph":[{"@type":"WebPage","@id":"https:\/\/abcdentalsants.com\/ca\/blog\/","url":"https:\/\/abcdentalsants.com\/ca\/blog\/","name":"Blog | Cl\u00ednica ABCDental Sants","isPartOf":{"@id":"https:\/\/abcdentalsants.com\/#website"},"datePublished":"2024-01-25T10:46:44+00:00","dateModified":"2024-04-17T13:30:45+00:00","description":"Al Blog d'ABC Dental trobar\u00e0s articles relacionats amb la salut, higiene i est\u00e8tica dental, aix\u00ed com tractaments i tecnologia avan\u00e7ada.","breadcrumb":{"@id":"https:\/\/abcdentalsants.com\/ca\/blog\/#breadcrumb"},"inLanguage":"ca","potentialAction":[{"@type":"ReadAction","target":["https:\/\/abcdentalsants.com\/ca\/blog\/"]}]},{"@type":"BreadcrumbList","@id":"https:\/\/abcdentalsants.com\/ca\/blog\/#breadcrumb","itemListElement":[{"@type":"ListItem","position":1,"name":"Inicio","item":"https:\/\/abcdentalsants.com\/"},{"@type":"ListItem","position":2,"name":"Blog"}]},{"@type":"WebSite","@id":"https:\/\/abcdentalsants.com\/#website","url":"https:\/\/abcdentalsants.com\/","name":"ABC Dental","description":"","potentialAction":[{"@type":"SearchAction","target":{"@type":"EntryPoint","urlTemplate":"https:\/\/abcdentalsants.com\/?s={search_term_string}"},"query-input":{"@type":"PropertyValueSpecification","valueRequired":true,"valueName":"search_term_string"}}],"inLanguage":"ca"}]}},"_links":{"self":[{"href":"https:\/\/abcdentalsants.com\/ca\/wp-json\/wp\/v2\/pages\/825","targetHints":{"allow":["GET"]}}],"collection":[{"href":"https:\/\/abcdentalsants.com\/ca\/wp-json\/wp\/v2\/pages"}],"about":[{"href":"https:\/\/abcdentalsants.com\/ca\/wp-json\/wp\/v2\/types\/page"}],"author":[{"embeddable":true,"href":"https:\/\/abcdentalsants.com\/ca\/wp-json\/wp\/v2\/users\/1"}],"replies":[{"embeddable":true,"href":"https:\/\/abcdentalsants.com\/ca\/wp-json\/wp\/v2\/comments?post=825"}],"version-history":[{"count":6,"href":"https:\/\/abcdentalsants.com\/ca\/wp-json\/wp\/v2\/pages\/825\/revisions"}],"predecessor-version":[{"id":1247,"href":"https:\/\/abcdentalsants.com\/ca\/wp-json\/wp\/v2\/pages\/825\/revisions\/1247"}],"wp:attachment":[{"href":"https:\/\/abcdentalsants.com\/ca\/wp-json\/wp\/v2\/media?parent=825"}],"curies":[{"name":"wp","href":"https:\/\/api.w.org\/{rel}","templated":true}]}}